{"id":54,"date":"2024-05-05T14:59:02","date_gmt":"2024-05-05T12:59:02","guid":{"rendered":"http:\/\/www.paszkakatalin.hu\/?page_id=54"},"modified":"2025-05-04T12:52:30","modified_gmt":"2025-05-04T10:52:30","slug":"hellinger-fele-csaladallitas","status":"publish","type":"page","link":"https:\/\/www.paszkakatalin.hu\/?page_id=54","title":{"rendered":"Hellinger f\u00e9le csal\u00e1d\u00e1ll\u00edt\u00e1s"},"content":{"rendered":"\t\t<div data-elementor-type=\"wp-page\" data-elementor-id=\"54\" class=\"elementor elementor-54\" data-elementor-post-type=\"page\">\n\t\t\t\t<div class=\"elementor-element elementor-element-16032c3 e-flex e-con-boxed e-con e-parent\" data-id=\"16032c3\" data-element_type=\"container\" data-settings=\"{&quot;background_background&quot;:&quot;classic&quot;}\">\n\t\t\t\t\t<div class=\"e-con-inner\">\n\t\t\t\t<div class=\"elementor-element elementor-element-4ab3cb8 elementor-widget elementor-widget-spacer\" data-id=\"4ab3cb8\" data-element_type=\"widget\" data-widget_type=\"spacer.default\">\n\t\t\t\t<div class=\"elementor-widget-container\">\n\t\t\t<style>\/*! elementor - v3.21.0 - 18-04-2024 *\/\n.elementor-column .elementor-spacer-inner{height:var(--spacer-size)}.e-con{--container-widget-width:100%}.e-con-inner>.elementor-widget-spacer,.e-con>.elementor-widget-spacer{width:var(--container-widget-width,var(--spacer-size));--align-self:var(--container-widget-align-self,initial);--flex-shrink:0}.e-con-inner>.elementor-widget-spacer>.elementor-widget-container,.e-con>.elementor-widget-spacer>.elementor-widget-container{height:100%;width:100%}.e-con-inner>.elementor-widget-spacer>.elementor-widget-container>.elementor-spacer,.e-con>.elementor-widget-spacer>.elementor-widget-container>.elementor-spacer{height:100%}.e-con-inner>.elementor-widget-spacer>.elementor-widget-container>.elementor-spacer>.elementor-spacer-inner,.e-con>.elementor-widget-spacer>.elementor-widget-container>.elementor-spacer>.elementor-spacer-inner{height:var(--container-widget-height,var(--spacer-size))}.e-con-inner>.elementor-widget-spacer.elementor-widget-empty,.e-con>.elementor-widget-spacer.elementor-widget-empty{position:relative;min-height:22px;min-width:22px}.e-con-inner>.elementor-widget-spacer.elementor-widget-empty .elementor-widget-empty-icon,.e-con>.elementor-widget-spacer.elementor-widget-empty .elementor-widget-empty-icon{position:absolute;top:0;bottom:0;left:0;right:0;margin:auto;padding:0;width:22px;height:22px}<\/style>\t\t<div class=\"elementor-spacer\">\n\t\t\t<div class=\"elementor-spacer-inner\"><\/div>\n\t\t<\/div>\n\t\t\t\t<\/div>\n\t\t\t\t<\/div>\n\t\t\t\t<div class=\"elementor-element elementor-element-a14305b elementor-widget elementor-widget-heading\" data-id=\"a14305b\" data-element_type=\"widget\" data-widget_type=\"heading.default\">\n\t\t\t\t<div class=\"elementor-widget-container\">\n\t\t\t<style>\/*! elementor - v3.21.0 - 18-04-2024 *\/\n.elementor-heading-title{padding:0;margin:0;line-height:1}.elementor-widget-heading .elementor-heading-title[class*=elementor-size-]>a{color:inherit;font-size:inherit;line-height:inherit}.elementor-widget-heading .elementor-heading-title.elementor-size-small{font-size:15px}.elementor-widget-heading .elementor-heading-title.elementor-size-medium{font-size:19px}.elementor-widget-heading .elementor-heading-title.elementor-size-large{font-size:29px}.elementor-widget-heading .elementor-heading-title.elementor-size-xl{font-size:39px}.elementor-widget-heading .elementor-heading-title.elementor-size-xxl{font-size:59px}<\/style><h2 class=\"elementor-heading-title elementor-size-default\">Hellinger-f\u00e9le csal\u00e1d- \u00e9s rendszer\u00e1ll\u00edt\u00e1s<\/h2>\t\t<\/div>\n\t\t\t\t<\/div>\n\t\t\t\t<div class=\"elementor-element elementor-element-5c75db6 elementor-widget elementor-widget-spacer\" data-id=\"5c75db6\" data-element_type=\"widget\" data-widget_type=\"spacer.default\">\n\t\t\t\t<div class=\"elementor-widget-container\">\n\t\t\t\t\t<div class=\"elementor-spacer\">\n\t\t\t<div class=\"elementor-spacer-inner\"><\/div>\n\t\t<\/div>\n\t\t\t\t<\/div>\n\t\t\t\t<\/div>\n\t\t\t\t\t<\/div>\n\t\t\t\t<\/div>\n\t\t<div class=\"elementor-element elementor-element-f042f4d e-flex e-con-boxed e-con e-parent\" data-id=\"f042f4d\" data-element_type=\"container\" data-settings=\"{&quot;background_background&quot;:&quot;classic&quot;}\">\n\t\t\t\t\t<div class=\"e-con-inner\">\n\t\t\t\t<div class=\"elementor-element elementor-element-b1595f8 elementor-widget elementor-widget-heading\" data-id=\"b1595f8\" data-element_type=\"widget\" data-widget_type=\"heading.default\">\n\t\t\t\t<div class=\"elementor-widget-container\">\n\t\t\t<h2 class=\"elementor-heading-title elementor-size-default\">Hellinger-f\u00e9le csal\u00e1d- \u00e9s rendszer\u00e1ll\u00edt\u00e1s<\/h2>\t\t<\/div>\n\t\t\t\t<\/div>\n\t\t\t\t\t<\/div>\n\t\t\t\t<\/div>\n\t\t<div class=\"elementor-element elementor-element-b60f0f5 e-flex e-con-boxed e-con e-parent\" data-id=\"b60f0f5\" data-element_type=\"container\">\n\t\t\t\t\t<div class=\"e-con-inner\">\n\t\t\t\t<div class=\"elementor-element elementor-element-b2a75b2 elementor-widget elementor-widget-spacer\" data-id=\"b2a75b2\" data-element_type=\"widget\" data-widget_type=\"spacer.default\">\n\t\t\t\t<div class=\"elementor-widget-container\">\n\t\t\t\t\t<div class=\"elementor-spacer\">\n\t\t\t<div class=\"elementor-spacer-inner\"><\/div>\n\t\t<\/div>\n\t\t\t\t<\/div>\n\t\t\t\t<\/div>\n\t\t\t\t<div class=\"elementor-element elementor-element-4000de8 elementor-widget elementor-widget-text-editor\" data-id=\"4000de8\" data-element_type=\"widget\" data-widget_type=\"text-editor.default\">\n\t\t\t\t<div class=\"elementor-widget-container\">\n\t\t\t<style>\/*! elementor - v3.21.0 - 18-04-2024 *\/\n.elementor-widget-text-editor.elementor-drop-cap-view-stacked .elementor-drop-cap{background-color:#69727d;color:#fff}.elementor-widget-text-editor.elementor-drop-cap-view-framed .elementor-drop-cap{color:#69727d;border:3px solid;background-color:transparent}.elementor-widget-text-editor:not(.elementor-drop-cap-view-default) .elementor-drop-cap{margin-top:8px}.elementor-widget-text-editor:not(.elementor-drop-cap-view-default) .elementor-drop-cap-letter{width:1em;height:1em}.elementor-widget-text-editor .elementor-drop-cap{float:left;text-align:center;line-height:1;font-size:50px}.elementor-widget-text-editor .elementor-drop-cap-letter{display:inline-block}<\/style>\t\t\t\t<p>Vannak visszat\u00e9r\u0151 \u00e9lethelyzeteid, amelyekre nem tal\u00e1lsz logikus magy\u00e1razatot? Nehezen haladsz el\u0151re a munk\u00e1ban, a kapcsolataidban vagy \u00e9ppen bels\u0151 elakad\u00e1sokat \u00e9lsz meg? A Hellinger-f\u00e9le csal\u00e1d\u00e1ll\u00edt\u00e1s seg\u00edthet felt\u00e1rni a tudattalanul hordozott mint\u00e1kat \u00e9s hiedelmeket, amelyek gener\u00e1ci\u00f3kr\u00f3l gener\u00e1ci\u00f3kra \u00f6r\u00f6kl\u0151dnek.<\/p><p>Ez a m\u00f3dszer lehet\u0151s\u00e9get ad arra, hogy meg\u00e9rtsd, milyen rejtett dinamik\u00e1k hatnak az \u00e9letedre, \u00e9s seg\u00edt ezek felold\u00e1s\u00e1ban, hogy \u00faj ir\u00e1nyt vehessen az \u00e9leted.<\/p>\t\t\t\t\t\t<\/div>\n\t\t\t\t<\/div>\n\t\t\t\t<div class=\"elementor-element elementor-element-6888b24 elementor-widget elementor-widget-spacer\" data-id=\"6888b24\" data-element_type=\"widget\" data-widget_type=\"spacer.default\">\n\t\t\t\t<div class=\"elementor-widget-container\">\n\t\t\t\t\t<div class=\"elementor-spacer\">\n\t\t\t<div class=\"elementor-spacer-inner\"><\/div>\n\t\t<\/div>\n\t\t\t\t<\/div>\n\t\t\t\t<\/div>\n\t\t\t\t\t<\/div>\n\t\t\t\t<\/div>\n\t\t<div class=\"elementor-element elementor-element-3144b4a e-flex e-con-boxed e-con e-parent\" data-id=\"3144b4a\" data-element_type=\"container\" data-settings=\"{&quot;background_background&quot;:&quot;classic&quot;}\">\n\t\t\t\t\t<div class=\"e-con-inner\">\n\t\t<div class=\"elementor-element elementor-element-3f4aeba e-flex e-con-boxed e-con e-child\" data-id=\"3f4aeba\" data-element_type=\"container\" data-settings=\"{&quot;background_background&quot;:&quot;classic&quot;}\">\n\t\t\t\t\t<div class=\"e-con-inner\">\n\t\t\t\t<div class=\"elementor-element elementor-element-cf81b45 elementor-widget elementor-widget-heading\" data-id=\"cf81b45\" data-element_type=\"widget\" data-widget_type=\"heading.default\">\n\t\t\t\t<div class=\"elementor-widget-container\">\n\t\t\t<h2 class=\"elementor-heading-title elementor-size-default\">Mi az a Hellinger-f\u00e9le csal\u00e1d- \u00e9s rendszer\u00e1ll\u00edt\u00e1s?<\/h2>\t\t<\/div>\n\t\t\t\t<\/div>\n\t\t\t\t\t<\/div>\n\t\t\t\t<\/div>\n\t\t\t\t\t<\/div>\n\t\t\t\t<\/div>\n\t\t<div class=\"elementor-element elementor-element-1604cce e-flex e-con-boxed e-con e-parent\" data-id=\"1604cce\" data-element_type=\"container\">\n\t\t\t\t\t<div class=\"e-con-inner\">\n\t\t<div class=\"elementor-element elementor-element-dd8593e e-con-full e-flex e-con e-child\" data-id=\"dd8593e\" data-element_type=\"container\">\n\t\t\t\t<div class=\"elementor-element elementor-element-b74137c elementor-widget elementor-widget-spacer\" data-id=\"b74137c\" data-element_type=\"widget\" data-widget_type=\"spacer.default\">\n\t\t\t\t<div class=\"elementor-widget-container\">\n\t\t\t\t\t<div class=\"elementor-spacer\">\n\t\t\t<div class=\"elementor-spacer-inner\"><\/div>\n\t\t<\/div>\n\t\t\t\t<\/div>\n\t\t\t\t<\/div>\n\t\t\t\t<div class=\"elementor-element elementor-element-6ddda14 elementor-widget elementor-widget-text-editor\" data-id=\"6ddda14\" data-element_type=\"widget\" data-widget_type=\"text-editor.default\">\n\t\t\t\t<div class=\"elementor-widget-container\">\n\t\t\t\t\t\t\t<p>A Hellinger-f\u00e9le csal\u00e1d\u00e1ll\u00edt\u00e1s egy csoportos vagy egy\u00e9ni form\u00e1ban v\u00e9gezhet\u0151 \u00f6nismereti \u00e9s ter\u00e1pi\u00e1s m\u00f3dszer, amely seg\u00edt felt\u00e1rni a csal\u00e1di rendszerben \u00e9s kapcsolatokban megh\u00faz\u00f3d\u00f3 \u00f6sszef\u00fcgg\u00e9seket. Bert Hellinger n\u00e9met pszichoterapeuta dolgozta ki, \u00e9s vil\u00e1gszerte sikeresen alkalmazz\u00e1k olyan emberek seg\u00edt\u00e9s\u00e9re, akik elakad\u00e1sokat, bels\u0151 konfliktusokat vagy ism\u00e9tl\u0151d\u0151 \u00e9lethelyzeteket tapasztalnak.<\/p><p>A csal\u00e1d\u00e1ll\u00edt\u00e1s sor\u00e1n a kliens \u201e\u00e9letk\u00e9p\u00e9t\u201d jelen\u00edtj\u00fck meg a t\u00e9rben k\u00fcp\u00f6n\u00f6z\u0151 szerepl\u0151k seg\u00edts\u00e9g\u00e9vel, akik a csal\u00e1dtagokat, vagy fontos szem\u00e9lyeket reprezent\u00e1lj\u00e1k. Ez\u00e1ltal a rejtett \u00f6sszef\u00fcgg\u00e9sek felsz\u00ednre ker\u00fclnek, \u00e9s lehet\u0151s\u00e9g ny\u00edlik azok felold\u00e1s\u00e1ra.<\/p><p>A folyamat \u00e9rzelmileg megind\u00edt\u00f3 lehet, de nem traumatikus. A m\u00f3dszer gyeng\u00e9d, tiszteletteljes, \u00e9s minden esetben a kliens bels\u0151 biztons\u00e1g\u00e1t helyezi el\u0151t\u00e9rbe.<\/p>\t\t\t\t\t\t<\/div>\n\t\t\t\t<\/div>\n\t\t\t\t<\/div>\n\t\t<div class=\"elementor-element elementor-element-d34d66c e-con-full e-flex e-con e-child\" data-id=\"d34d66c\" data-element_type=\"container\">\n\t\t\t\t<div class=\"elementor-element elementor-element-9b5dde4 elementor-widget elementor-widget-image\" data-id=\"9b5dde4\" data-element_type=\"widget\" data-widget_type=\"image.default\">\n\t\t\t\t<div class=\"elementor-widget-container\">\n\t\t\t<style>\/*! elementor - v3.21.0 - 18-04-2024 *\/\n.elementor-widget-image{text-align:center}.elementor-widget-image a{display:inline-block}.elementor-widget-image a img[src$=\".svg\"]{width:48px}.elementor-widget-image img{vertical-align:middle;display:inline-block}<\/style>\t\t\t\t\t\t\t\t\t\t<img fetchpriority=\"high\" decoding=\"async\" width=\"953\" height=\"1024\" src=\"https:\/\/www.paszkakatalin.hu\/wp-content\/uploads\/2025\/04\/20250414_145146-953x1024.jpg\" class=\"attachment-large size-large wp-image-598\" alt=\"\" srcset=\"https:\/\/www.paszkakatalin.hu\/wp-content\/uploads\/2025\/04\/20250414_145146-953x1024.jpg 953w, https:\/\/www.paszkakatalin.hu\/wp-content\/uploads\/2025\/04\/20250414_145146-279x300.jpg 279w, https:\/\/www.paszkakatalin.hu\/wp-content\/uploads\/2025\/04\/20250414_145146-768x826.jpg 768w, https:\/\/www.paszkakatalin.hu\/wp-content\/uploads\/2025\/04\/20250414_145146-1429x1536.jpg 1429w, https:\/\/www.paszkakatalin.hu\/wp-content\/uploads\/2025\/04\/20250414_145146-1905x2048.jpg 1905w\" sizes=\"(max-width: 953px) 100vw, 953px\" \/>\t\t\t\t\t\t\t\t\t\t\t\t\t<\/div>\n\t\t\t\t<\/div>\n\t\t\t\t<\/div>\n\t\t\t\t\t<\/div>\n\t\t\t\t<\/div>\n\t\t<div class=\"elementor-element elementor-element-fd14fc1 e-flex e-con-boxed e-con e-parent\" data-id=\"fd14fc1\" data-element_type=\"container\" data-settings=\"{&quot;background_background&quot;:&quot;classic&quot;}\">\n\t\t\t\t\t<div class=\"e-con-inner\">\n\t\t<div class=\"elementor-element elementor-element-8914e5b e-flex e-con-boxed e-con e-child\" data-id=\"8914e5b\" data-element_type=\"container\" data-settings=\"{&quot;background_background&quot;:&quot;classic&quot;}\">\n\t\t\t\t\t<div class=\"e-con-inner\">\n\t\t\t\t<div class=\"elementor-element elementor-element-6d34e36 elementor-widget elementor-widget-heading\" data-id=\"6d34e36\" data-element_type=\"widget\" data-widget_type=\"heading.default\">\n\t\t\t\t<div class=\"elementor-widget-container\">\n\t\t\t<h2 class=\"elementor-heading-title elementor-size-default\">Kiknek aj\u00e1nlom?<\/h2>\t\t<\/div>\n\t\t\t\t<\/div>\n\t\t\t\t\t<\/div>\n\t\t\t\t<\/div>\n\t\t\t\t\t<\/div>\n\t\t\t\t<\/div>\n\t\t<div class=\"elementor-element elementor-element-0180c45 e-flex e-con-boxed e-con e-parent\" data-id=\"0180c45\" data-element_type=\"container\">\n\t\t\t\t\t<div class=\"e-con-inner\">\n\t\t<div class=\"elementor-element elementor-element-fd08a1b e-con-full e-flex e-con e-child\" data-id=\"fd08a1b\" data-element_type=\"container\">\n\t\t\t\t<div class=\"elementor-element elementor-element-b651d3b elementor-widget elementor-widget-image\" data-id=\"b651d3b\" data-element_type=\"widget\" data-widget_type=\"image.default\">\n\t\t\t\t<div class=\"elementor-widget-container\">\n\t\t\t\t\t\t\t\t\t\t\t\t\t<img decoding=\"async\" width=\"1019\" height=\"758\" src=\"https:\/\/www.paszkakatalin.hu\/wp-content\/uploads\/2025\/05\/Screenshot_20250503_060117_Gallery.jpg\" class=\"attachment-large size-large wp-image-754\" alt=\"\" srcset=\"https:\/\/www.paszkakatalin.hu\/wp-content\/uploads\/2025\/05\/Screenshot_20250503_060117_Gallery.jpg 1019w, https:\/\/www.paszkakatalin.hu\/wp-content\/uploads\/2025\/05\/Screenshot_20250503_060117_Gallery-300x223.jpg 300w, https:\/\/www.paszkakatalin.hu\/wp-content\/uploads\/2025\/05\/Screenshot_20250503_060117_Gallery-768x571.jpg 768w\" sizes=\"(max-width: 1019px) 100vw, 1019px\" \/>\t\t\t\t\t\t\t\t\t\t\t\t\t<\/div>\n\t\t\t\t<\/div>\n\t\t\t\t<\/div>\n\t\t<div class=\"elementor-element elementor-element-db51ae4 e-con-full e-flex e-con e-child\" data-id=\"db51ae4\" data-element_type=\"container\">\n\t\t\t\t<div class=\"elementor-element elementor-element-cfd4256 elementor-widget elementor-widget-text-editor\" data-id=\"cfd4256\" data-element_type=\"widget\" data-widget_type=\"text-editor.default\">\n\t\t\t\t<div class=\"elementor-widget-container\">\n\t\t\t\t\t\t\t<p>A Hellinger-f\u00e9le csal\u00e1d\u00e1ll\u00edt\u00e1s azoknak val\u00f3, akik:<\/p><ul data-spread=\"false\"><li><p>\u00c9let\u00fckben visszat\u00e9r\u0151 neh\u00e9zs\u00e9gekkel k\u00fczdenek (pl. p\u00e1rkapcsolati, munkahelyi, anyagi probl\u00e9m\u00e1k)<\/p><\/li><li><p>Nehezen tudnak tov\u00e1bbl\u00e9pni egy vesztes\u00e9gen vagy traum\u00e1n<\/p><\/li><li><p>Csal\u00e1di konfliktusokat hordoznak, amelyeket nehezen tudnak megoldani<\/p><\/li><li><p>\u00d6nismeretre t\u00f6rekszenek, \u00e9s szeretn\u00e9k meg\u00e9rteni az \u00e9let\u00fck m\u00e9lyebb mozgat\u00f3rug\u00f3it<\/p><\/li><li><p>Testi t\u00fcnetekkel k\u00fczdenek, melyek lelki eredet\u0171ek is lehetnek<\/p><\/li><\/ul>\t\t\t\t\t\t<\/div>\n\t\t\t\t<\/div>\n\t\t\t\t<div class=\"elementor-element elementor-element-31afa9b elementor-widget elementor-widget-heading\" data-id=\"31afa9b\" data-element_type=\"widget\" data-widget_type=\"heading.default\">\n\t\t\t\t<div class=\"elementor-widget-container\">\n\t\t\t<h2 class=\"elementor-heading-title elementor-size-default\">Mi\u00e9rt \u00e9rdemes kipr\u00f3b\u00e1lni?<\/h2>\t\t<\/div>\n\t\t\t\t<\/div>\n\t\t\t\t<div class=\"elementor-element elementor-element-89bb1dd elementor-widget elementor-widget-text-editor\" data-id=\"89bb1dd\" data-element_type=\"widget\" data-widget_type=\"text-editor.default\">\n\t\t\t\t<div class=\"elementor-widget-container\">\n\t\t\t\t\t\t\t<ul data-spread=\"false\"><li><p><strong>M\u00e9lyebb \u00f6nismerethez seg\u00edt<\/strong>: meg\u00e9rtheted, milyen hat\u00e1sok form\u00e1lt\u00e1k \u00e9leted alakul\u00e1s\u00e1t.<\/p><\/li><li><p><strong>Feloldhatod a gener\u00e1ci\u00f3s terheket<\/strong>: megszak\u00edthatod az ism\u00e9tl\u0151d\u0151 negat\u00edv mint\u00e1kat.<\/p><\/li><li><p><strong>Tiszta, \u00e9rzelmileg biztons\u00e1gos folyamat<\/strong>: a seg\u00edt\u0151 k\u00f6rnyezetben bels\u0151 megk\u00f6nnyebb\u00fcl\u00e9st \u00e9lhetsz \u00e1t.<\/p><\/li><li><p><strong>Hat\u00e9konyan t\u00e1mogatja a tov\u00e1bbl\u00e9p\u00e9st<\/strong>: \u00faj n\u00e9z\u0151pontokat, megold\u00e1si lehet\u0151s\u00e9geket kaphatsz.<\/p><\/li><\/ul><p>Ha szeretn\u00e9l r\u00e1l\u00e1tni az \u00e9letedet befoly\u00e1sol\u00f3 rejtett mint\u00e1kra, \u00e9s val\u00f3di v\u00e1ltoz\u00e1st el\u00e9rni, v\u00e1rlak szeretettel egy csal\u00e1d\u00e1ll\u00edt\u00e1son!<\/p>\t\t\t\t\t\t<\/div>\n\t\t\t\t<\/div>\n\t\t\t\t<\/div>\n\t\t\t\t\t<\/div>\n\t\t\t\t<\/div>\n\t\t\t\t<\/div>\n\t\t","protected":false},"excerpt":{"rendered":"<p>Hellinger-f\u00e9le csal\u00e1d- \u00e9s rendszer\u00e1ll\u00edt\u00e1s Hellinger-f\u00e9le csal\u00e1d- \u00e9s rendszer\u00e1ll\u00edt\u00e1s Vannak visszat\u00e9r\u0151 \u00e9lethelyzeteid, amelyekre nem tal\u00e1lsz logikus magy\u00e1razatot? Nehezen haladsz el\u0151re a [&hellip;]<\/p>\n","protected":false},"author":1,"featured_media":0,"parent":0,"menu_order":0,"comment_status":"closed","ping_status":"closed","template":"","meta":{"site-sidebar-layout":"no-sidebar","site-content-layout":"","ast-site-content-layout":"full-width-container","site-content-style":"default","site-sidebar-style":"default","ast-global-header-display":"","ast-banner-title-visibility":"","ast-main-header-display":"","ast-hfb-above-header-display":"","ast-hfb-below-header-display":"","ast-hfb-mobile-header-display":"","site-post-title":"disabled","ast-breadcrumbs-content":"","ast-featured-img":"disabled","footer-sml-layout":"","theme-transparent-header-meta":"","adv-header-id-meta":"","stick-header-meta":"","header-above-stick-meta":"","header-main-stick-meta":"","header-below-stick-meta":"","astra-migrate-meta-layouts":"default","ast-page-background-enabled":"default","ast-page-background-meta":{"desktop":{"background-color":"var(--ast-global-color-4)","background-image":"","background-repeat":"repeat","background-position":"center center","background-size":"auto","background-attachment":"scroll","background-type":"","background-media":"","overlay-type":"","overlay-color":"","overlay-gradient":""},"tablet":{"background-color":"","background-image":"","background-repeat":"repeat","background-position":"center center","background-size":"auto","background-attachment":"scroll","background-type":"","background-media":"","overlay-type":"","overlay-color":"","overlay-gradient":""},"mobile":{"background-color":"","background-image":"","background-repeat":"repeat","background-position":"center center","background-size":"auto","background-attachment":"scroll","background-type":"","background-media":"","overlay-type":"","overlay-color":"","overlay-gradient":""}},"ast-content-background-meta":{"desktop":{"background-color":"var(--ast-global-color-5)","background-image":"","background-repeat":"repeat","background-position":"center center","background-size":"auto","background-attachment":"scroll","background-type":"","background-media":"","overlay-type":"","overlay-color":"","overlay-gradient":""},"tablet":{"background-color":"var(--ast-global-color-5)","background-image":"","background-repeat":"repeat","background-position":"center center","background-size":"auto","background-attachment":"scroll","background-type":"","background-media":"","overlay-type":"","overlay-color":"","overlay-gradient":""},"mobile":{"background-color":"var(--ast-global-color-5)","background-image":"","background-repeat":"repeat","background-position":"center center","background-size":"auto","background-attachment":"scroll","background-type":"","background-media":"","overlay-type":"","overlay-color":"","overlay-gradient":""}},"footnotes":""},"class_list":["post-54","page","type-page","status-publish","hentry"],"_links":{"self":[{"href":"https:\/\/www.paszkakatalin.hu\/index.php?rest_route=\/wp\/v2\/pages\/54","targetHints":{"allow":["GET"]}}],"collection":[{"href":"https:\/\/www.paszkakatalin.hu\/index.php?rest_route=\/wp\/v2\/pages"}],"about":[{"href":"https:\/\/www.paszkakatalin.hu\/index.php?rest_route=\/wp\/v2\/types\/page"}],"author":[{"embeddable":true,"href":"https:\/\/www.paszkakatalin.hu\/index.php?rest_route=\/wp\/v2\/users\/1"}],"replies":[{"embeddable":true,"href":"https:\/\/www.paszkakatalin.hu\/index.php?rest_route=%2Fwp%2Fv2%2Fcomments&post=54"}],"version-history":[{"count":52,"href":"https:\/\/www.paszkakatalin.hu\/index.php?rest_route=\/wp\/v2\/pages\/54\/revisions"}],"predecessor-version":[{"id":760,"href":"https:\/\/www.paszkakatalin.hu\/index.php?rest_route=\/wp\/v2\/pages\/54\/revisions\/760"}],"wp:attachment":[{"href":"https:\/\/www.paszkakatalin.hu\/index.php?rest_route=%2Fwp%2Fv2%2Fmedia&parent=54"}],"curies":[{"name":"wp","href":"https:\/\/api.w.org\/{rel}","templated":true}]}}